{"id":6730,"date":"2026-01-12T16:42:03","date_gmt":"2026-01-12T12:42:03","guid":{"rendered":"https:\/\/jsnet.biz\/?page_id=6730"},"modified":"2026-01-12T18:46:42","modified_gmt":"2026-01-12T14:46:42","slug":"proqram-t%c9%99minatinin-yerl%c9%99sdirilm%c9%99si","status":"publish","type":"page","link":"https:\/\/jsnet.biz\/az\/proqram-t%c9%99minatinin-yerl%c9%99sdirilm%c9%99si\/","title":{"rendered":"Proqram t\u0259minat\u0131n\u0131n yerl\u0259\u015fdirilm\u0259si"},"content":{"rendered":"<div data-elementor-type=\"wp-page\" data-elementor-id=\"6730\" class=\"elementor elementor-6730\">\n\t\t\t\t<div class=\"elementor-element elementor-element-ce88826 e-flex e-con-boxed e-con e-parent\" data-id=\"ce88826\" data-element_type=\"container\" data-e-type=\"container\">\n\t\t\t\t\t<div class=\"e-con-inner\">\n\t\t\t\t<div class=\"elementor-element elementor-element-ce33ce4 elementor-widget elementor-widget-spacer\" data-id=\"ce33ce4\" data-element_type=\"widget\" data-e-type=\"widget\" data-widget_type=\"spacer.default\">\n\t\t\t\t\t\t\t<div class=\"elementor-spacer\">\n\t\t\t<div class=\"elementor-spacer-inner\"><\/div>\n\t\t<\/div>\n\t\t\t\t\t\t<\/div>\n\t\t\t\t\t<\/div>\n\t\t\t\t<\/div>\n\t\t<div class=\"elementor-element elementor-element-a23b578 e-flex e-con-boxed e-con e-parent\" data-id=\"a23b578\" data-element_type=\"container\" data-e-type=\"container\">\n\t\t\t\t\t<div class=\"e-con-inner\">\n\t\t\t\t<div class=\"elementor-element elementor-element-4381a8f elementor-widget elementor-widget-go-s-heading\" data-id=\"4381a8f\" data-element_type=\"widget\" data-e-type=\"widget\" data-widget_type=\"go-s-heading.default\">\n\t\t\t\t<div class=\"elementor-widget-container\">\n\t\t\t\t\t\n<div class=\"ftc-blog-1-scn-title prthalign\">\n    <h6 class=\"ftc-subtitle-1 elementor-goyto-sub ftc-font-700 text-uppercase has-color-pr wow\" data-splitting>\n        <span class=\"line\"><\/span><span>M\u00fcxt\u0259lif t\u0259\u015fkilatlar v\u0259 s\u0259naye sah\u0259l\u0259ri \u00fc\u00e7\u00fcn f\u0259rqli h\u0259ll\u0259r t\u0259qdim edirik <\/span>\n    <\/h6>\n        <h1 class=\"elementor-gt-heading ftc-section-title-1 ftc-font-700 has-color-white ftc-split-threed ftc-split-text\">T\u0259\u015fkilat\u0131n\u0131z \u00fc\u00e7\u00fcn uy\u011fun h\u0259ll yolu se\u00e7m\u0259yiniz\u0259 k\u00f6m\u0259k edirik<\/h1>            <div class=\"elementor-gt-desc ftc-para-1 wow fadeInUp\">\n            <p>H\u00fcquqi \u015eirk\u0259tl\u0259rin \u0130dar\u0259 Edilm\u0259si, Klinik \u0130dar\u0259etm\u0259, Y\u00fck \u015eirk\u0259tl\u0259rinin \u0130dar\u0259 Edilm\u0259si, E-ticar\u0259t Veb Sayt H\u0259lli, Hostinq \u0130dar\u0259etm\u0259 Sistemi, Media Yay\u0131m h\u0259lli, Bilet Sistemi ITSM v\u0259 bir \u00e7ox dig\u0259r proqram t\u0259minatlar\u0131n\u0131 t\u0259\u015fkilat\u0131n\u0131z \u00fc\u00e7\u00fcn inteqrasiya edib optimalla\u015fd\u0131ra bil\u0259rik.<\/p>\n        <\/div>\n    <\/div>\t\t\t\t<\/div>\n\t\t\t\t<\/div>\n\t\t\t\t\t<\/div>\n\t\t\t\t<\/div>\n\t\t<div class=\"elementor-element elementor-element-0b21c79 e-con-full e-flex e-con e-parent\" data-id=\"0b21c79\" data-element_type=\"container\" data-e-type=\"container\">\n\t\t\t\t<div class=\"elementor-element elementor-element-d8f47f9 elementor-widget__width-inherit elementor-widget elementor-widget-go-service-grid\" data-id=\"d8f47f9\" data-element_type=\"widget\" data-e-type=\"widget\" data-widget_type=\"go-service-grid.default\">\n\t\t\t\t<div class=\"elementor-widget-container\">\n\t\t\t\t\t<div class=\"ftc-services-4-area\">\n    <div class=\"ftc-services-4-card-container fix\">\n        <div class=\"ftc-services-4-card-grid\">\n                        <div class=\"ftc-services-4-card-single\">\n                <a href=\"\" aria-label=\"ad\" class=\"ftc-services-4-card-roted\">\n                    <span class=\"ftc-services-4-card ov-hidden\">\n                        <h4 class=\"title ftc-font-700 has-color-white ftc-heading-2\">V\u0259kil B\u00fcrosunun \u0130dar\u0259 Edilm\u0259si <\/h4>\n                        <p class=\"disc ftc-para-2 has-color-white\">\u0130st\u0259nil\u0259n V\u0259kilin Ofis \u0130dar\u0259etm\u0259sini idar\u0259 ed\u0259 bil\u0259c\u0259yiniz t\u0259tbiq. Bu t\u0259tbiq V\u0259kilinizi, m\u00fcqavil\u0259l\u0259rinizi, i\u015fl\u0259rini v\u0259 b\u00fct\u00fcn \u0259laq\u0259li m\u0259lumatlar\u0131 idar\u0259 ed\u0259 bil\u0259r. Bu, 100% tam \u0130dar\u0259etm\u0259 sistemidir.<\/p>\n                        <span class=\"icon\">\n                            <i aria-hidden=\"true\" class=\"far fa-folder-open\"><\/i>                        <\/span>\n                        <span class=\"main-img fix img-cover\">\n                            <img decoding=\"async\" src=\"http:\/\/jsnet.biz\/wp-content\/uploads\/2026\/01\/lega.jpeg\" alt=\"service\">\n                        <\/span>\n                    <\/span>\n                <\/a>\n            <\/div>\n                        <div class=\"ftc-services-4-card-single\">\n                <a href=\"\" aria-label=\"ad\" class=\"ftc-services-4-card-roted\">\n                    <span class=\"ftc-services-4-card ov-hidden\">\n                        <h4 class=\"title ftc-font-700 has-color-white ftc-heading-2\">E-ticar\u0259t Veb Sayt H\u0259lli<\/h4>\n                        <p class=\"disc ftc-para-2 has-color-white\">onlayn sat\u0131\u015flar\u0131 s\u0259m\u0259r\u0259li \u015f\u0259kild\u0259 idar\u0259 etm\u0259k \u00fc\u00e7\u00fcn haz\u0131rlanm\u0131\u015f m\u00fcasir, miqyaslana bil\u0259n bir platformad\u0131r. M\u0259hsul idar\u0259etm\u0259si, t\u0259hl\u00fck\u0259siz \u00f6d\u0259ni\u015fl\u0259r, sifari\u015f izl\u0259m\u0259, m\u00fc\u015ft\u0259ri idar\u0259etm\u0259si v\u0259 real vaxt analitikas\u0131 t\u0259min edir, m\u00fc\u0259ssis\u0259l\u0259r\u0259 veb v\u0259 mobil cihazlarda daha s\u00fcr\u0259tli v\u0259 daha a\u011f\u0131ll\u0131 \u015f\u0259kild\u0259 onlayn sat\u0131\u015f etm\u0259y\u0259 k\u00f6m\u0259k edir.<\/p>\n                        <span class=\"icon\">\n                            <i aria-hidden=\"true\" class=\"fas fa-cart-plus\"><\/i>                        <\/span>\n                        <span class=\"main-img fix img-cover\">\n                            <img decoding=\"async\" src=\"http:\/\/jsnet.biz\/wp-content\/uploads\/2026\/01\/ecommerce1.jpg\" alt=\"service\">\n                        <\/span>\n                    <\/span>\n                <\/a>\n            <\/div>\n                        <div class=\"ftc-services-4-card-single\">\n                <a href=\"\" aria-label=\"ad\" class=\"ftc-services-4-card-roted\">\n                    <span class=\"ftc-services-4-card ov-hidden\">\n                        <h4 class=\"title ftc-font-700 has-color-white ftc-heading-2\">Klinika \u0130dar\u0259etm\u0259 Proqram\u0131<\/h4>\n                        <p class=\"disc ftc-para-2 has-color-white\">Klinika \u0130dar\u0259etm\u0259 Proqram T\u0259minat\u0131, klinikalara g\u00f6r\u00fc\u015fl\u0259ri, x\u0259st\u0259 qeydl\u0259rini, hesabla\u015fmalar\u0131 v\u0259 i\u015f\u00e7i c\u0259dv\u0259ll\u0259rini s\u0259m\u0259r\u0259li \u015f\u0259kild\u0259 idar\u0259 etm\u0259y\u0259 k\u00f6m\u0259k ed\u0259n r\u0259q\u0259msal bir h\u0259lldir. G\u00fcnd\u0259lik \u0259m\u0259liyyatlar\u0131 asanla\u015fd\u0131r\u0131r, x\u0259st\u0259l\u0259r\u0259 qulluqu yax\u015f\u0131la\u015fd\u0131r\u0131r v\u0259 tibbi m\u0259lumatlara t\u0259hl\u00fck\u0259siz v\u0259 m\u00fct\u0259\u015f\u0259kkil giri\u015fi t\u0259min edir.<\/p>\n                        <span class=\"icon\">\n                            <i aria-hidden=\"true\" class=\"fas fa-hand-holding-heart\"><\/i>                        <\/span>\n                        <span class=\"main-img fix img-cover\">\n                            <img decoding=\"async\" src=\"http:\/\/jsnet.biz\/wp-content\/uploads\/2026\/01\/stomatolog-nurse-tooth-clinic-checking-patient-appointment-looking-computer-monitor-stomatology-assistant-teeth-doctor-discussing-reception-dental-office_482257-11962.avif\" alt=\"service\">\n                        <\/span>\n                    <\/span>\n                <\/a>\n            <\/div>\n                        <div class=\"ftc-services-4-card-single\">\n                <a href=\"\" aria-label=\"ad\" class=\"ftc-services-4-card-roted\">\n                    <span class=\"ftc-services-4-card ov-hidden\">\n                        <h4 class=\"title ftc-font-700 has-color-white ftc-heading-2\">Media Ax\u0131n\u0131 H\u0259lli<\/h4>\n                        <p class=\"disc ftc-para-2 has-color-white\">Video Yay\u0131m H\u0259lli canl\u0131 v\u0259 t\u0259l\u0259b \u00fczr\u0259 video m\u0259zmununa ev sahibliyi etm\u0259k, idar\u0259 etm\u0259k v\u0259 \u00e7atd\u0131rmaq \u00fc\u00e7\u00fcn t\u0259hl\u00fck\u0259siz v\u0259 miqyaslana bil\u0259n bir platformad\u0131r. Sorunsuz bax\u0131\u015f t\u0259cr\u00fcb\u0259si \u00fc\u00e7\u00fcn y\u00fcks\u0259k keyfiyy\u0259tli oxutma, istifad\u0259\u00e7i giri\u015fin\u0259 n\u0259zar\u0259t, analitika v\u0259 \u00e7ox cihazl\u0131 yay\u0131m\u0131 d\u0259st\u0259kl\u0259yir.<\/p>\n                        <span class=\"icon\">\n                            <i aria-hidden=\"true\" class=\"fas fa-video\"><\/i>                        <\/span>\n                        <span class=\"main-img fix img-cover\">\n                            <img decoding=\"async\" src=\"http:\/\/jsnet.biz\/wp-content\/uploads\/2026\/01\/stream.jpg\" alt=\"service\">\n                        <\/span>\n                    <\/span>\n                <\/a>\n            <\/div>\n                        <div class=\"ftc-services-4-card-single\">\n                <a href=\"\" aria-label=\"ad\" class=\"ftc-services-4-card-roted\">\n                    <span class=\"ftc-services-4-card ov-hidden\">\n                        <h4 class=\"title ftc-font-700 has-color-white ftc-heading-2\">Hostinq \u0130dar\u0259etm\u0259 H\u0259lli<\/h4>\n                        <p class=\"disc ftc-para-2 has-color-white\">Veb hostinq v\u0259 r\u0259q\u0259msal xidm\u0259t t\u0259minat\u00e7\u0131lar\u0131 \u00fc\u00e7\u00fcn m\u00fc\u015ft\u0259ri idar\u0259etm\u0259si, hesabla\u015fma v\u0259 d\u0259st\u0259k avtomatla\u015fd\u0131rma platformas\u0131d\u0131r. \u0130nteqrasiya olunmu\u015f sistem vasit\u0259sil\u0259 faktura, \u00f6d\u0259ni\u015f emal\u0131, xidm\u0259t t\u0259minat\u0131 v\u0259 m\u00fc\u015ft\u0259ri d\u0259st\u0259yini sad\u0259l\u0259\u015fdirir.<\/p>\n                        <span class=\"icon\">\n                            <i aria-hidden=\"true\" class=\"fas fa-globe\"><\/i>                        <\/span>\n                        <span class=\"main-img fix img-cover\">\n                            <img decoding=\"async\" src=\"http:\/\/jsnet.biz\/wp-content\/uploads\/2026\/01\/3d150b5bde2b2e7567270de7a09a4d9d.webp\" alt=\"service\">\n                        <\/span>\n                    <\/span>\n                <\/a>\n            <\/div>\n                        <div class=\"ftc-services-4-card-single\">\n                <a href=\"\" aria-label=\"ad\" class=\"ftc-services-4-card-roted\">\n                    <span class=\"ftc-services-4-card ov-hidden\">\n                        <h4 class=\"title ftc-font-700 has-color-white ftc-heading-2\">Karqo \u015eirk\u0259ti T\u0259tbiqi<\/h4>\n                        <p class=\"disc ftc-para-2 has-color-white\">Y\u00fck \u0130dar\u0259etm\u0259 Sistemi, y\u00fck da\u015f\u0131nmalar\u0131n\u0131 m\u0259nb\u0259d\u0259n t\u0259yinat yerin\u0259 q\u0259d\u0259r idar\u0259 etm\u0259k v\u0259 izl\u0259m\u0259k \u00fc\u00e7\u00fcn haz\u0131rlanm\u0131\u015f bir proqram t\u0259minat\u0131 h\u0259llidir. O, sifari\u015f, s\u0259n\u0259dl\u0259\u015fdirm\u0259, izl\u0259m\u0259, hesabla\u015fma v\u0259 hesabat i\u015fl\u0259rini h\u0259yata ke\u00e7irir, t\u0259chizat z\u0259nciri boyunca logistika s\u0259m\u0259r\u0259liliyini, g\u00f6r\u00fcn\u00fcrl\u00fcy\u00fcn\u00fc v\u0259 n\u0259zar\u0259tini art\u0131r\u0131r.<\/p>\n                        <span class=\"icon\">\n                            <i aria-hidden=\"true\" class=\"fas fa-box-open\"><\/i>                        <\/span>\n                        <span class=\"main-img fix img-cover\">\n                            <img decoding=\"async\" src=\"http:\/\/jsnet.biz\/wp-content\/uploads\/2026\/01\/cargo-management.jpg\" alt=\"service\">\n                        <\/span>\n                    <\/span>\n                <\/a>\n            <\/div>\n                    <\/div>\n    <\/div>\n    <\/div>\n\t\t\t\t<\/div>\n\t\t\t\t<\/div>\n\t\t\t\t<\/div>\n\t\t<div class=\"elementor-element elementor-element-6ef0dc8 e-flex e-con-boxed e-con e-parent\" data-id=\"6ef0dc8\" data-element_type=\"container\" data-e-type=\"container\">\n\t\t\t\t\t<div class=\"e-con-inner\">\n\t\t\t\t<div class=\"elementor-element elementor-element-747ba1d elementor-widget elementor-widget-shortcode\" data-id=\"747ba1d\" data-element_type=\"widget\" data-e-type=\"widget\" data-widget_type=\"shortcode.default\">\n\t\t\t\t\t\t\t<div class=\"elementor-shortcode\">\n<div class=\"wpcf7 no-js\" id=\"wpcf7-f2353-o1\" lang=\"en-US\" dir=\"ltr\" data-wpcf7-id=\"2353\">\n<div class=\"screen-reader-response\"><p role=\"status\" aria-live=\"polite\" aria-atomic=\"true\"><\/p> <ul><\/ul><\/div>\n<form action=\"\/az\/wp-json\/wp\/v2\/pages\/6730#wpcf7-f2353-o1\" method=\"post\" class=\"wpcf7-form init\" aria-label=\"Contact form\" novalidate=\"novalidate\" data-status=\"init\" data-trp-original-action=\"\/az\/wp-json\/wp\/v2\/pages\/6730#wpcf7-f2353-o1\">\n<fieldset class=\"hidden-fields-container\"><input type=\"hidden\" name=\"_wpcf7\" value=\"2353\" \/><input type=\"hidden\" name=\"_wpcf7_version\" value=\"6.1.4\" \/><input type=\"hidden\" name=\"_wpcf7_locale\" value=\"en_US\" \/><input type=\"hidden\" name=\"_wpcf7_unit_tag\" value=\"wpcf7-f2353-o1\" \/><input type=\"hidden\" name=\"_wpcf7_container_post\" value=\"0\" \/><input type=\"hidden\" name=\"_wpcf7_posted_data_hash\" value=\"\" \/><input type=\"hidden\" name=\"_wpcf7_recaptcha_response\" value=\"\" \/>\n<\/fieldset>\n<div class=\"ftc-cta-5-form ftcfadeup\">\n\n<label class=\"input-label ftc-heading-2 has-color-white text-uppercase\">\nFull Name <span>*<\/span>\n<\/label>\n<input size=\"40\" maxlength=\"400\" class=\"wpcf7-form-control wpcf7-text wpcf7-validates-as-required input-box\" aria-required=\"true\" aria-invalid=\"false\" placeholder=\"Ad Soyad\" value=\"\" type=\"text\" name=\"your-name\" \/>\n\n<label class=\"input-label ftc-heading-2 has-color-white text-uppercase\">\nTelefon n\u00f6mr\u0259si <span>*<\/span>\n<\/label>\n<input size=\"40\" maxlength=\"400\" class=\"wpcf7-form-control wpcf7-tel wpcf7-validates-as-required wpcf7-text wpcf7-validates-as-tel input-box\" aria-required=\"true\" aria-invalid=\"false\" placeholder=\"Phone number\" value=\"\" type=\"tel\" name=\"your-phone\" \/>\n\n<label class=\"input-label ftc-heading-2 has-color-white text-uppercase\">\nEmail Address <span>*<\/span>\n<\/label>\n<input size=\"40\" maxlength=\"400\" class=\"wpcf7-form-control wpcf7-email wpcf7-validates-as-required wpcf7-text wpcf7-validates-as-email input-box\" aria-required=\"true\" aria-invalid=\"false\" placeholder=\"E-po\u00e7t \u00fcnvan\u0131\" value=\"\" type=\"email\" name=\"your-email\" \/>\n\n<label class=\"input-label ftc-heading-2 has-color-white text-uppercase\">\nMessage <span>*<\/span>\n<\/label>\n<textarea cols=\"40\" rows=\"10\" maxlength=\"2000\" class=\"wpcf7-form-control wpcf7-textarea wpcf7-validates-as-required input-box textarea\" aria-required=\"true\" aria-invalid=\"false\" placeholder=\"Mesaj\u0131n\u0131z\u0131 bura yaz\u0131n...\" name=\"your-message\"><\/textarea>\n\n<input class=\"wpcf7-form-control wpcf7-submit has-spinner form-btn\" type=\"submit\" value=\"Send Message\" \/>\n\n<\/div><div class=\"wpcf7-response-output\" aria-hidden=\"true\"><\/div>\n<input type=\"hidden\" name=\"trp-form-language\" value=\"az\"\/><\/form>\n<\/div>\n<\/div>\n\t\t\t\t\t\t<\/div>\n\t\t\t\t\t<\/div>\n\t\t\t\t<\/div>\n\t\t\t\t<\/div>","protected":false},"excerpt":{"rendered":"<p>We providing different solutions for different organisations and industries We help you decide suitable solution for your organization You can find software for Legal Company management, Clinic Management, Cargo Company Management,\u00a0 E commerce Website\u00a0 Solution,Hosting Management System, Media Streaming solution, Ticketing system ITSM, and many others witch we can integrate and optimazi for your organization. [&hellip;]<\/p>","protected":false},"author":1,"featured_media":0,"parent":0,"menu_order":0,"comment_status":"closed","ping_status":"closed","template":"elementor_header_footer","meta":{"footnotes":""},"class_list":["post-6730","page","type-page","status-publish","hentry"],"_links":{"self":[{"href":"https:\/\/jsnet.biz\/az\/wp-json\/wp\/v2\/pages\/6730","targetHints":{"allow":["GET"]}}],"collection":[{"href":"https:\/\/jsnet.biz\/az\/wp-json\/wp\/v2\/pages"}],"about":[{"href":"https:\/\/jsnet.biz\/az\/wp-json\/wp\/v2\/types\/page"}],"author":[{"embeddable":true,"href":"https:\/\/jsnet.biz\/az\/wp-json\/wp\/v2\/users\/1"}],"replies":[{"embeddable":true,"href":"https:\/\/jsnet.biz\/az\/wp-json\/wp\/v2\/comments?post=6730"}],"version-history":[{"count":49,"href":"https:\/\/jsnet.biz\/az\/wp-json\/wp\/v2\/pages\/6730\/revisions"}],"predecessor-version":[{"id":6800,"href":"https:\/\/jsnet.biz\/az\/wp-json\/wp\/v2\/pages\/6730\/revisions\/6800"}],"wp:attachment":[{"href":"https:\/\/jsnet.biz\/az\/wp-json\/wp\/v2\/media?parent=6730"}],"curies":[{"name":"wp","href":"https:\/\/api.w.org\/{rel}","templated":true}]}}