{"id":6267,"date":"2025-07-12T03:11:25","date_gmt":"2025-07-11T23:11:25","guid":{"rendered":"https:\/\/jsnet.biz\/?page_id=6267"},"modified":"2025-11-26T14:25:25","modified_gmt":"2025-11-26T10:25:25","slug":"haqqinda","status":"publish","type":"page","link":"https:\/\/jsnet.biz\/az\/haqqinda\/","title":{"rendered":"Jsnet"},"content":{"rendered":"<div data-elementor-type=\"wp-page\" data-elementor-id=\"6267\" class=\"elementor elementor-6267\">\n\t\t\t\t<div class=\"elementor-element elementor-element-9e96073 e-flex e-con-boxed e-con e-parent\" data-id=\"9e96073\" data-element_type=\"container\" data-e-type=\"container\">\n\t\t\t\t\t<div class=\"e-con-inner\">\n\t\t\t\t<div class=\"elementor-element elementor-element-398a687 elementor-widget elementor-widget-go-about-area-2\" data-id=\"398a687\" data-element_type=\"widget\" data-e-type=\"widget\" data-widget_type=\"go-about-area-2.default\">\n\t\t\t\t<div class=\"elementor-widget-container\">\n\t\t\t\t\t<div class=\"ftc-about-3-area pt-130 pb-130\">\n    <div class=\"container ftc-container-3\">\n        <div class=\"ftc-about-3-row\">\n            <!-- left -->\n            <div class=\"ftc-about-3-left\">\n                                    <div class=\"ftc-about-3-img img-cover fix mb-40  ftc-fade-down\">\n                        <img decoding=\"async\" src=\"https:\/\/jsnet.biz\/wp-content\/uploads\/2024\/05\/feh-sd-img-1.webp\" alt=\"feh sd img 1\">\n                    <\/div>\n                                            <\/div>\n            <div class=\"ftc-about-3-right\">\n                <div class=\"ftc-about-3-content mb-25\">\n                    <div class=\"left\">\n                        <div class=\"ftc-about-3-scn-title mb-50\">\n                                                        <h6 class=\"ftc-subtitle-2\"><span class=\"line\"><\/span> <span>Bizi Tan\u0131y\u0131n<\/span><\/h6>\n                                                        <h1 class=\"elementor-gt-heading ftc-section-title-2 ftc-split-threed ftc-split-text\">\u015eirk\u0259t haqq\u0131nda<\/h1>                                                            <div class=\"elementor-gt-desc ftc-para-2 wow fadeInUp\" data-wow-duration=\"2s\">\n                                    <p data-start=\"17\" data-end=\"393\">JSNET 2024-c\u00fc ild\u0259 \u00f6z s\u0259yah\u0259tin\u0259 ayd\u0131n bir missiya il\u0259 ba\u015flam\u0131\u015f dinamik \u0130T \u015firk\u0259tidir: m\u00fcasir biznesin ehtiyaclar\u0131na uy\u011funla\u015fd\u0131r\u0131lm\u0131\u015f y\u00fcks\u0259k keyfiyy\u0259tli texnologiya h\u0259ll\u0259ri v\u0259 xidm\u0259tl\u0259ri t\u0259qdim etm\u0259k. T\u0259cr\u00fcb\u0259li pe\u015f\u0259karlar qrupu t\u0259r\u0259find\u0259n yarad\u0131lm\u0131\u015f JSNET proqram t\u0259minat\u0131n\u0131n haz\u0131rlanmas\u0131, \u015f\u0259b\u0259k\u0259 infrastrukturu, kibert\u0259hl\u00fck\u0259sizlik v\u0259 \u0130T konsaltinqind\u0259 ill\u0259rl\u0259 t\u0259cr\u00fcb\u0259y\u0259 malik g\u00fccl\u00fc komandan\u0131 bir araya g\u0259tirir.<\/p>\n<p data-start=\"395\" data-end=\"669\">\u0130lk g\u00fcnd\u0259n JSNET innovasiya, etibarl\u0131l\u0131q v\u0259 m\u00fc\u015ft\u0259ri m\u0259mnuniyy\u0259tin\u0259 sadiqdir. Komandam\u0131z\u0131n d\u0259rin texniki biliyi v\u0259 strateji d\u00fc\u015f\u00fcnc\u0259si biz\u0259 m\u00fc\u015ft\u0259ril\u0259rimizin r\u0259q\u0259msal d\u00fcnyada b\u00f6y\u00fcm\u0259sin\u0259 v\u0259 u\u011fur qazanmas\u0131na k\u00f6m\u0259k ed\u0259n effektiv, geni\u015fl\u0259n\u0259 bil\u0259n v\u0259 t\u0259hl\u00fck\u0259siz h\u0259ll\u0259r yaratma\u011fa imkan verir.<\/p>\n<p data-start=\"671\" data-end=\"875\">M\u00f6hk\u0259m veb-saytlar\u0131n yarad\u0131lmas\u0131ndan, f\u0259rdi proqram t\u0259minat\u0131n\u0131n yarad\u0131lmas\u0131ndan, \u0130T infrastrukturunun t\u0259tbiqind\u0259n v\u0259 ya davaml\u0131 d\u0259st\u0259k t\u0259min edilm\u0259sind\u0259n as\u0131l\u0131 olmayaraq, JSNET pe\u015f\u0259kar yana\u015fmas\u0131 v\u0259 m\u00fck\u0259mm\u0259lliy\u0259 olan ba\u011fl\u0131l\u0131\u011f\u0131 il\u0259 se\u00e7ilir.<\/p>\n<p data-start=\"877\" data-end=\"953\" data-is-last-node=\"\" data-is-only-node=\"\"><strong data-start=\"877\" data-end=\"953\" data-is-last-node=\"\">JSNET Sizin R\u0259q\u0259msal H\u0259lliniz<\/strong><\/p>\n                                <\/div>\n                                                    <\/div>\n                                                    <div class=\"wow fadeInUp\" data-wow-duration=\"2s\">\n                                <a href=\"https:\/\/jsnet.biz\/az\/xidm%c9%99tl%c9%99r\/\" rel=\"nofollow\" aria-label=\"ad\" class=\"ftc-btn-4\">\n                                    Daha \u00e7ox \u0259ld\u0259 edin                                                                                                                                                <\/a>\n                            <\/div>\n                        \n                    <\/div>\n                                        <div class=\"right\">\n                        <div class=\"ftc-about-3-expri bg-default d-inline-flex ftcfadeup\" data-background=\"\">\n                            <h3 class=\"number ftc-heading-2 ftc-font-800\"><span class=\"counter\">99,9<\/span>%<\/h3>\n                                                            <p class=\"disc ftc-para-2\">SLA<\/p>\n                                                    <\/div>\n                    <\/div>\n                                    <\/div>\n                                    <div class=\"ftc-about-3-img-2 fix img-cover  ftc-fade-down\">\n                        <img decoding=\"async\" src=\"https:\/\/jsnet.biz\/wp-content\/uploads\/2024\/05\/p4-img-9.webp\" alt=\"p4 img 9\">\n                    <\/div>\n                            <\/div>\n        <\/div>\n    <\/div>\n<\/div>\t\t\t\t<\/div>\n\t\t\t\t<\/div>\n\t\t\t\t\t<\/div>\n\t\t\t\t<\/div>\n\t\t<div class=\"elementor-element elementor-element-feb3338 e-flex e-con-boxed e-con e-parent\" data-id=\"feb3338\" data-element_type=\"container\" data-e-type=\"container\">\n\t\t\t\t\t<div class=\"e-con-inner\">\n\t\t\t\t<div class=\"elementor-element elementor-element-fd32bdd elementor-widget elementor-widget-html\" data-id=\"fd32bdd\" data-element_type=\"widget\" data-e-type=\"widget\" data-widget_type=\"html.default\">\n\t\t\t\t\t<iframe width=\"425\" height=\"350\" src=\"https:\/\/www.openstreetmap.org\/export\/embed.html?bbox=49.869529008865356%2C40.37693082382018%2C49.87455010414124%2C40.37962384557035&amp;layer=mapnik&amp;marker=40.378279418717575%2C49.872039556503296\" style=\"border: 1px solid black\"><\/iframe><br\/><small><a href=\"https:\/\/www.openstreetmap.org\/?mlat=40.378279&amp;mlon=49.872040#map=18\/40.378277\/49.872040&amp;layers=N\" target=\"_blank\" rel=\"noopener\">Daha B\u00f6y\u00fck X\u0259rit\u0259y\u0259 Bax\u0131n<\/a><\/small>\t\t\t\t<\/div>\n\t\t\t\t\t<\/div>\n\t\t\t\t<\/div>\n\t\t\t\t<\/div>","protected":false},"excerpt":{"rendered":"<p>Get To Know Us About Company JSNET is a dynamic IT company that began its journey in 2024 with a clear mission: to deliver high-quality technology solutions and services tailored to the needs of modern businesses. Founded by a group of experienced professionals, JSNET brings together a strong team with years of expertise in software [&hellip;]<\/p>","protected":false},"author":1,"featured_media":0,"parent":0,"menu_order":0,"comment_status":"closed","ping_status":"closed","template":"","meta":{"footnotes":""},"class_list":["post-6267","page","type-page","status-publish","hentry"],"_links":{"self":[{"href":"https:\/\/jsnet.biz\/az\/wp-json\/wp\/v2\/pages\/6267","targetHints":{"allow":["GET"]}}],"collection":[{"href":"https:\/\/jsnet.biz\/az\/wp-json\/wp\/v2\/pages"}],"about":[{"href":"https:\/\/jsnet.biz\/az\/wp-json\/wp\/v2\/types\/page"}],"author":[{"embeddable":true,"href":"https:\/\/jsnet.biz\/az\/wp-json\/wp\/v2\/users\/1"}],"replies":[{"embeddable":true,"href":"https:\/\/jsnet.biz\/az\/wp-json\/wp\/v2\/comments?post=6267"}],"version-history":[{"count":1,"href":"https:\/\/jsnet.biz\/az\/wp-json\/wp\/v2\/pages\/6267\/revisions"}],"predecessor-version":[{"id":6579,"href":"https:\/\/jsnet.biz\/az\/wp-json\/wp\/v2\/pages\/6267\/revisions\/6579"}],"wp:attachment":[{"href":"https:\/\/jsnet.biz\/az\/wp-json\/wp\/v2\/media?parent=6267"}],"curies":[{"name":"wp","href":"https:\/\/api.w.org\/{rel}","templated":true}]}}