{"id":5639,"date":"2025-06-08T18:39:58","date_gmt":"2025-06-08T14:39:58","guid":{"rendered":"https:\/\/jsnet.biz\/?page_id=5639"},"modified":"2025-11-26T14:20:32","modified_gmt":"2025-11-26T10:20:32","slug":"m%c9%99xfilik-siyas%c9%99ti-2","status":"publish","type":"page","link":"https:\/\/jsnet.biz\/az\/m%c9%99xfilik-siyas%c9%99ti-2\/","title":{"rendered":"M\u0259xfilik Siyas\u0259ti"},"content":{"rendered":"<div data-elementor-type=\"wp-page\" data-elementor-id=\"5639\" class=\"elementor elementor-5639\">\n\t\t\t\t<div class=\"elementor-element elementor-element-0a6153c e-flex e-con-boxed e-con e-parent\" data-id=\"0a6153c\" data-element_type=\"container\" data-e-type=\"container\">\n\t\t\t\t\t<div class=\"e-con-inner\">\n\t\t\t\t<div class=\"elementor-element elementor-element-7cf113b elementor-widget elementor-widget-heading\" data-id=\"7cf113b\" data-element_type=\"widget\" data-e-type=\"widget\" data-widget_type=\"heading.default\">\n\t\t\t\t\t<h2 class=\"elementor-heading-title elementor-size-default\">M\u0259xfilik Siyas\u0259ti<\/h2>\t\t\t\t<\/div>\n\t\t\t\t\t<\/div>\n\t\t\t\t<\/div>\n\t\t<div class=\"elementor-element elementor-element-11e0d69 e-flex e-con-boxed e-con e-parent\" data-id=\"11e0d69\" data-element_type=\"container\" data-e-type=\"container\">\n\t\t\t\t\t<div class=\"e-con-inner\">\n\t\t\t\t<div class=\"elementor-element elementor-element-9d547dd elementor-widget elementor-widget-text-editor\" data-id=\"9d547dd\" data-element_type=\"widget\" data-e-type=\"widget\" data-widget_type=\"text-editor.default\">\n\t\t\t\t\t\t\t\t\t<p data-start=\"357\" data-end=\"390\"><strong data-start=\"357\" data-end=\"376\">Q\u00fcvv\u0259y\u0259minm\u0259 Tarixi:<\/strong> 05.05.2023<\/p><p data-start=\"357\" data-end=\"390\">JSNet (\u201cbiz\u201d, \u201cbizim\u201d, \u201cbiz\u0259\u201d) m\u0259xfiliyinizi qoruma\u011fa sadiqdir. Bu M\u0259xfilik Siyas\u0259ti veb sayt\u0131m\u0131zdan istifad\u0259 ed\u0259rk\u0259n \u015f\u0259xsi m\u0259lumatlar\u0131n\u0131z\u0131 nec\u0259 toplad\u0131\u011f\u0131m\u0131z\u0131, istifad\u0259 etdiyimizi, payla\u015fd\u0131\u011f\u0131m\u0131z\u0131 v\u0259 qorudu\u011fumuzu izah edir. <strong data-start=\"581\" data-end=\"623\"><a class=\"\" href=\"https:\/\/jsnet.biz\/az\/\" target=\"_new\" rel=\"noopener\" data-start=\"583\" data-end=\"621\">https:\/\/jsnet.biz<\/a><\/strong> v\u0259 \u0259laq\u0259li xidm\u0259tl\u0259r.<\/p><hr data-start=\"647\" data-end=\"650\" \/><h2 data-start=\"652\" data-end=\"680\">1. Toplad\u0131\u011f\u0131m\u0131z M\u0259lumatlar<\/h2><p data-start=\"682\" data-end=\"758\">A\u015fa\u011f\u0131dak\u0131 \u015f\u0259xsi v\u0259 qeyri-\u015f\u0259xsi m\u0259lumatlar\u0131 toplaya bil\u0259rik:<\/p><h3 data-start=\"760\" data-end=\"791\">a. T\u0259qdim etdiyiniz m\u0259lumatlar:<\/h3><ul data-start=\"792\" data-end=\"980\"><li data-start=\"792\" data-end=\"827\"><p data-start=\"794\" data-end=\"827\">Ad, elektron po\u00e7t \u00fcnvan\u0131, telefon n\u00f6mr\u0259si<\/p><\/li><li data-start=\"828\" data-end=\"865\"><p data-start=\"830\" data-end=\"865\">\u015eirk\u0259t m\u0259lumatlar\u0131 (\u0259g\u0259r varsa)<\/p><\/li><li data-start=\"866\" data-end=\"915\"><p data-start=\"868\" data-end=\"915\">\u00d6d\u0259ni\u015f v\u0259 faktura m\u0259lumatlar\u0131 (pullu xidm\u0259tl\u0259r \u00fc\u00e7\u00fcn)<\/p><\/li><li data-start=\"916\" data-end=\"980\"><p data-start=\"918\" data-end=\"980\">Formalara daxil etdiyiniz ist\u0259nil\u0259n m\u0259lumat (m\u0259s\u0259l\u0259n, \u0259laq\u0259, qeydiyyat, r\u0259y)<\/p><\/li><\/ul><h3 data-start=\"982\" data-end=\"1018\">b. Avtomatik Toplanan M\u0259lumatlar:<\/h3><ul data-start=\"1019\" data-end=\"1150\"><li data-start=\"1019\" data-end=\"1063\"><p data-start=\"1021\" data-end=\"1063\">IP \u00fcnvan\u0131, brauzer n\u00f6v\u00fc, \u0259m\u0259liyyat sistemi<\/p><\/li><li data-start=\"1064\" data-end=\"1121\"><p data-start=\"1066\" data-end=\"1121\">Saytda ziyar\u0259t edil\u0259n s\u0259hif\u0259l\u0259r, s\u0259rf olunan vaxt v\u0259 qar\u015f\u0131l\u0131ql\u0131 \u0259laq\u0259l\u0259r<\/p><\/li><li data-start=\"1122\" data-end=\"1150\"><p data-start=\"1124\" data-end=\"1150\">Kukil\u0259r v\u0259 istifad\u0259nin izl\u0259nm\u0259si<\/p><\/li><\/ul><hr data-start=\"1152\" data-end=\"1155\" \/><h2 data-start=\"1157\" data-end=\"1190\">2. M\u0259lumatlar\u0131n\u0131zdan nec\u0259 istifad\u0259 edirik<\/h2><p data-start=\"1192\" data-end=\"1249\">Toplad\u0131\u011f\u0131m\u0131z m\u0259lumatlardan a\u015fa\u011f\u0131dak\u0131 m\u0259qs\u0259dl\u0259r \u00fc\u00e7\u00fcn istifad\u0259 edirik:<\/p><ul data-start=\"1251\" data-end=\"1573\"><li data-start=\"1251\" data-end=\"1311\"><p data-start=\"1253\" data-end=\"1311\">Veb sayt\u0131m\u0131z\u0131 v\u0259 xidm\u0259tl\u0259rimizi t\u0259min etm\u0259k, idar\u0259 etm\u0259k v\u0259 saxlamaq \u00fc\u00e7\u00fcn<\/p><\/li><li data-start=\"1312\" data-end=\"1363\"><p data-start=\"1314\" data-end=\"1363\">T\u0259klifl\u0259rimizi t\u0259kmill\u0259\u015fdirm\u0259k, f\u0259rdil\u0259\u015fdirm\u0259k v\u0259 geni\u015fl\u0259ndirm\u0259k \u00fc\u00e7\u00fcn<\/p><\/li><li data-start=\"1364\" data-end=\"1421\"><p data-start=\"1366\" data-end=\"1421\">\u018fm\u0259liyyatlar\u0131 emal etm\u0259k v\u0259 \u0259laq\u0259li rabit\u0259 g\u00f6nd\u0259rm\u0259k<\/p><\/li><li data-start=\"1422\" data-end=\"1463\"><p data-start=\"1424\" data-end=\"1463\">M\u00fc\u015ft\u0259ri xidm\u0259ti sor\u011fular\u0131na cavab verm\u0259k \u00fc\u00e7\u00fcn<\/p><\/li><li data-start=\"1464\" data-end=\"1503\"><p data-start=\"1466\" data-end=\"1503\">Saxtakarl\u0131q v\u0259 ya sui-istifad\u0259 hallar\u0131n\u0131 a\u015fkar etm\u0259k v\u0259 qar\u015f\u0131s\u0131n\u0131 almaq \u00fc\u00e7\u00fcn<\/p><\/li><li data-start=\"1504\" data-end=\"1573\"><p data-start=\"1506\" data-end=\"1573\">Yenilikl\u0259r, b\u00fclletenl\u0259r v\u0259 ya marketinq e-po\u00e7tlar\u0131 g\u00f6nd\u0259rm\u0259k \u00fc\u00e7\u00fcn (imtina ed\u0259 bil\u0259rsiniz)<\/p><\/li><\/ul><hr data-start=\"1575\" data-end=\"1578\" \/><h2 data-start=\"1580\" data-end=\"1619\">3. Kukil\u0259r v\u0259 \u0130zl\u0259m\u0259 Texnologiyalar\u0131<\/h2><p data-start=\"1621\" data-end=\"1782\">\u0130stifad\u0259\u00e7i t\u0259cr\u00fcb\u0259sini art\u0131rmaq v\u0259 sayt trafikini t\u0259hlil etm\u0259k \u00fc\u00e7\u00fcn kukil\u0259rd\u0259n, veb mayaklardan v\u0259 ox\u015far texnologiyalardan istifad\u0259 edirik. Kukil\u0259ri brauzerinizin parametrl\u0259ri vasit\u0259sil\u0259 idar\u0259 ed\u0259 bil\u0259rsiniz.<\/p><hr data-start=\"1784\" data-end=\"1787\" \/><h2 data-start=\"1789\" data-end=\"1819\">4. M\u0259lumatlar\u0131n\u0131z\u0131 Payla\u015fmaq<\/h2><p data-start=\"1821\" data-end=\"1884\">\u015e\u0259xsi m\u0259lumatlar\u0131n\u0131z\u0131 satm\u0131r\u0131q. M\u0259lumatlar\u0131n\u0131z\u0131 a\u015fa\u011f\u0131dak\u0131larla payla\u015fa bil\u0259rik:<\/p><ul data-start=\"1886\" data-end=\"2070\"><li data-start=\"1886\" data-end=\"1950\"><p data-start=\"1888\" data-end=\"1950\">Xidm\u0259t t\u0259minat\u00e7\u0131lar\u0131 (m\u0259s\u0259l\u0259n, \u00f6d\u0259ni\u015f prosessorlar\u0131, hostinq xidm\u0259tl\u0259ri)<\/p><\/li><li data-start=\"1951\" data-end=\"1989\"><p data-start=\"1953\" data-end=\"1989\">Qanunla t\u0259l\u0259b olundu\u011fu t\u0259qdird\u0259 h\u00fcquqi orqanlar<\/p><\/li><li data-start=\"1990\" data-end=\"2027\"><p data-start=\"1992\" data-end=\"2027\">Sizin raz\u0131l\u0131\u011f\u0131n\u0131zla biznes t\u0259r\u0259fda\u015flar\u0131<\/p><\/li><li data-start=\"2028\" data-end=\"2070\"><p data-start=\"2030\" data-end=\"2070\">Analitik vasit\u0259l\u0259r (m\u0259s\u0259l\u0259n, Google Analytics)<\/p><\/li><\/ul><hr data-start=\"2072\" data-end=\"2075\" \/><h2 data-start=\"2077\" data-end=\"2097\">5. M\u0259lumatlar\u0131n Saxlanmas\u0131<\/h2><p data-start=\"2099\" data-end=\"2213\">\u015e\u0259xsi m\u0259lumatlar\u0131 yaln\u0131z bu siyas\u0259td\u0259 g\u00f6st\u0259ril\u0259n m\u0259qs\u0259dl\u0259r \u00fc\u00e7\u00fcn z\u0259ruri oldu\u011fu v\u0259 ya qanunla t\u0259l\u0259b olundu\u011fu m\u00fcdd\u0259td\u0259 saxlay\u0131r\u0131q.<\/p><hr data-start=\"2215\" data-end=\"2218\" \/><h2 data-start=\"2220\" data-end=\"2237\">6. H\u00fcquqlar\u0131n\u0131z<\/h2><p data-start=\"2239\" data-end=\"2297\">Yurisdiksiyan\u0131zdan as\u0131l\u0131 olaraq, a\u015fa\u011f\u0131dak\u0131 h\u00fcquqlara malik ola bil\u0259rsiniz:<\/p><ul data-start=\"2299\" data-end=\"2474\"><li data-start=\"2299\" data-end=\"2343\"><p data-start=\"2301\" data-end=\"2343\">Sizin haqq\u0131n\u0131zda saxlad\u0131\u011f\u0131m\u0131z \u015f\u0259xsi m\u0259lumatlara daxil olun<\/p><\/li><li data-start=\"2344\" data-end=\"2389\"><p data-start=\"2346\" data-end=\"2389\">M\u0259lumatlar\u0131n\u0131z\u0131n d\u00fcz\u0259ldilm\u0259sini v\u0259 ya silinm\u0259sini t\u0259l\u0259b edin<\/p><\/li><li data-start=\"2390\" data-end=\"2420\"><p data-start=\"2392\" data-end=\"2420\">\u0130st\u0259nil\u0259n vaxt raz\u0131l\u0131\u011f\u0131 geri g\u00f6t\u00fcr\u00fcn<\/p><\/li><li data-start=\"2421\" data-end=\"2474\"><p data-start=\"2423\" data-end=\"2474\">M\u00fc\u0259yy\u0259n emal f\u0259aliyy\u0259tl\u0259rin\u0259 etiraz etm\u0259k v\u0259 ya onlar\u0131 m\u0259hdudla\u015fd\u0131rmaq<\/p><\/li><\/ul><p data-start=\"2476\" data-end=\"2552\">Bu h\u00fcquqlardan h\u0259r hans\u0131 birini h\u0259yata ke\u00e7irm\u0259k \u00fc\u00e7\u00fcn biziml\u0259 \u0259laq\u0259 saxlay\u0131n <strong data-start=\"2530\" data-end=\"2551\"><a class=\"cursor-pointer\" rel=\"noopener\" data-start=\"2532\" data-end=\"2549\">privacy@jsnet.biz<\/a><\/strong>.<\/p><hr data-start=\"2554\" data-end=\"2557\" \/><h2 data-start=\"2559\" data-end=\"2582\">7. T\u0259hl\u00fck\u0259sizlik t\u0259dbirl\u0259ri<\/h2><p data-start=\"2584\" data-end=\"2776\">M\u0259lumatlar\u0131n\u0131z\u0131 icaz\u0259siz giri\u015fd\u0259n, a\u00e7\u0131qlamadan v\u0259 ya d\u0259yi\u015fdirilm\u0259d\u0259n qorumaq \u00fc\u00e7\u00fcn m\u00fcvafiq t\u0259hl\u00fck\u0259sizlik t\u0259dbirl\u0259ri g\u00f6r\u00fcr\u00fck. Lakin, internet \u00fcz\u0259rind\u0259n \u00f6t\u00fcr\u00fclm\u0259nin he\u00e7 bir \u00fcsulu 100% t\u0259hl\u00fck\u0259siz deyil.<\/p><hr data-start=\"2778\" data-end=\"2781\" \/><h2 data-start=\"2783\" data-end=\"2806\">8. \u00dc\u00e7\u00fcnc\u00fc T\u0259r\u0259f Linkl\u0259ri<\/h2><p data-start=\"2808\" data-end=\"2970\">Veb sayt\u0131m\u0131zda dig\u0259r veb saytlara ke\u00e7idl\u0259r ola bil\u0259r. Onlar\u0131n m\u0259xfilik t\u0259cr\u00fcb\u0259l\u0259rin\u0259 g\u00f6r\u0259 m\u0259suliyy\u0259t da\u015f\u0131m\u0131r\u0131q. \u015e\u0259xsi m\u0259lumatlar\u0131 t\u0259qdim etm\u0259zd\u0259n \u0259vv\u0259l onlar\u0131n siyas\u0259tl\u0259rini n\u0259z\u0259rd\u0259n ke\u00e7irin.<\/p><hr data-start=\"2972\" data-end=\"2975\" \/><h2 data-start=\"2977\" data-end=\"3001\">9. U\u015faqlar\u0131n M\u0259xfiliyi<\/h2><p data-start=\"3003\" data-end=\"3146\">JSNet 13 ya\u015fdan ki\u00e7ik \u015f\u0259xsl\u0259rd\u0259n bil\u0259r\u0259kd\u0259n m\u0259lumat toplam\u0131r v\u0259 ya emal etmir. \u018fg\u0259r bel\u0259 m\u0259lumatlar a\u015fkar ets\u0259k, onlar\u0131 d\u0259rhal sil\u0259c\u0259yik.<\/p><hr data-start=\"3148\" data-end=\"3151\" \/><h2 data-start=\"3153\" data-end=\"3182\">10. Bu Siyas\u0259td\u0259 D\u0259yi\u015fiklikl\u0259r<\/h2><p data-start=\"3184\" data-end=\"3361\">Bu M\u0259xfilik Siyas\u0259tini vaxta\u015f\u0131r\u0131 yenil\u0259y\u0259 bil\u0259rik. H\u0259r hans\u0131 bir d\u0259yi\u015fiklik bu s\u0259hif\u0259d\u0259 yenil\u0259nmi\u015f q\u00fcvv\u0259y\u0259 minm\u0259 tarixi il\u0259 d\u0259rc olunacaq. Saytdan davaml\u0131 istifad\u0259 etm\u0259k, h\u0259min d\u0259yi\u015fiklikl\u0259ri q\u0259bul etdiyiniz dem\u0259kdir.<\/p><hr data-start=\"3363\" data-end=\"3366\" \/><h2 data-start=\"3368\" data-end=\"3385\">11. Biziml\u0259 \u018flaq\u0259 Saxlay\u0131n<\/h2><p data-start=\"3387\" data-end=\"3466\">Bu M\u0259xfilik Siyas\u0259ti il\u0259 ba\u011fl\u0131 suallar\u0131n\u0131z v\u0259 ya narahatl\u0131qlar\u0131n\u0131z varsa, z\u0259hm\u0259t olmasa biziml\u0259 \u0259laq\u0259 saxlay\u0131n:<\/p><p data-start=\"3468\" data-end=\"3548\">\ud83d\udce7 E-po\u00e7t: <a class=\"cursor-pointer\" rel=\"noopener\" data-start=\"3478\" data-end=\"3495\">privacy@jsnet.biz<\/a><br data-start=\"3495\" data-end=\"3498\" \/>\ud83c\udf10 Veb sayt: <a class=\"\" href=\"https:\/\/jsnet.biz\/az\/\" target=\"_new\" rel=\"noopener\" data-start=\"3510\" data-end=\"3548\">https:\/\/jsnet.biz<\/a><\/p><hr data-start=\"3550\" data-end=\"3553\" \/>\t\t\t\t\t\t\t\t<\/div>\n\t\t\t\t\t<\/div>\n\t\t\t\t<\/div>\n\t\t\t\t<\/div>","protected":false},"excerpt":{"rendered":"<p>Privacy Policy Effective Date: 05.05.2023 JSNet (&#8220;we&#8221;, &#8220;our&#8221;, &#8220;us&#8221;) is committed to protecting your privacy. This Privacy Policy explains how we collect, use, share, and safeguard your personal information when you use our website https:\/\/jsnet.biz and related services. 1. Information We Collect We may collect the following types of personal and non-personal information: a. Information [&hellip;]<\/p>","protected":false},"author":1,"featured_media":0,"parent":0,"menu_order":0,"comment_status":"closed","ping_status":"closed","template":"","meta":{"footnotes":""},"class_list":["post-5639","page","type-page","status-publish","hentry"],"_links":{"self":[{"href":"https:\/\/jsnet.biz\/az\/wp-json\/wp\/v2\/pages\/5639","targetHints":{"allow":["GET"]}}],"collection":[{"href":"https:\/\/jsnet.biz\/az\/wp-json\/wp\/v2\/pages"}],"about":[{"href":"https:\/\/jsnet.biz\/az\/wp-json\/wp\/v2\/types\/page"}],"author":[{"embeddable":true,"href":"https:\/\/jsnet.biz\/az\/wp-json\/wp\/v2\/users\/1"}],"replies":[{"embeddable":true,"href":"https:\/\/jsnet.biz\/az\/wp-json\/wp\/v2\/comments?post=5639"}],"version-history":[{"count":1,"href":"https:\/\/jsnet.biz\/az\/wp-json\/wp\/v2\/pages\/5639\/revisions"}],"predecessor-version":[{"id":6618,"href":"https:\/\/jsnet.biz\/az\/wp-json\/wp\/v2\/pages\/5639\/revisions\/6618"}],"wp:attachment":[{"href":"https:\/\/jsnet.biz\/az\/wp-json\/wp\/v2\/media?parent=5639"}],"curies":[{"name":"wp","href":"https:\/\/api.w.org\/{rel}","templated":true}]}}